{"id":1295,"date":"2022-08-12T09:08:28","date_gmt":"2022-08-12T09:08:28","guid":{"rendered":"https:\/\/eacs.upol.cz\/?page_id=1295"},"modified":"2022-08-12T09:08:30","modified_gmt":"2022-08-12T09:08:30","slug":"visit-to-olomouc-research-library","status":"publish","type":"page","link":"https:\/\/eacs.upol.cz\/index.php\/visit-to-olomouc-research-library\/","title":{"rendered":"Visit to Olomouc Research Library"},"content":{"rendered":"\n<h4 class=\"wp-block-heading\">Visit to Olomouc Research Library: Study Room of Historical Collections<\/h4>\n\n\n\n<p class=\"text-justify has-black-color has-text-color\">Olomouc Research Library is a public library with a rich tradition (founded in 1566) and an extensive library collection covering all subjects (more than 2 million volumes). It is the second oldest and third largest library of its kind in the Czech Republic.<br>During the visit, the librarian will show the visitors some of the precious manuscripts and maps, e.g. Martino Martini\u2019s Novus Atlas Sinensis, Micha\u0142 Boym\u2019s Flora Sinensis and other unique exemplars.<\/p>\n\n\n\n<p><\/p>\n\n\n\n<p class=\"text-justify has-black-color has-text-color\"><strong>Time and location:<\/strong> August 25 and August 26, 14:00\u201315:00 | V\u011bdeck\u00e1 knihovna v Olomouci, Bezru\u010dova 3<br><\/p>\n\n\n\n<p class=\"text-justify has-black-color has-text-color\">The capacity of the study room is limited. Therefore, please register at the registration desk or by using <a href=\"https:\/\/doodle.com\/meeting\/organize\/id\/b48noWgb\" data-type=\"URL\" data-id=\"https:\/\/doodle.com\/meeting\/organize\/id\/b48noWgb\" target=\"_blank\" rel=\"noreferrer noopener\"><span class=\"has-inline-color has-vivid-cyan-blue-color\"><strong>this link<\/strong><\/span><\/a>.<\/p>\n\n\n\n<figure class=\"wp-block-image size-large\"><img decoding=\"async\" loading=\"lazy\" width=\"1024\" height=\"534\" src=\"https:\/\/eacs.upol.cz\/wp-content\/uploads\/2022\/08\/vkol-1024x534.png\" alt=\"\" class=\"wp-image-1290\" srcset=\"https:\/\/eacs.upol.cz\/wp-content\/uploads\/2022\/08\/vkol-1024x534.png 1024w, https:\/\/eacs.upol.cz\/wp-content\/uploads\/2022\/08\/vkol-300x157.png 300w, https:\/\/eacs.upol.cz\/wp-content\/uploads\/2022\/08\/vkol-768x401.png 768w, https:\/\/eacs.upol.cz\/wp-content\/uploads\/2022\/08\/vkol-600x313.png 600w, https:\/\/eacs.upol.cz\/wp-content\/uploads\/2022\/08\/vkol-115x60.png 115w, https:\/\/eacs.upol.cz\/wp-content\/uploads\/2022\/08\/vkol-172x90.png 172w, https:\/\/eacs.upol.cz\/wp-content\/uploads\/2022\/08\/vkol.png 1146w\" sizes=\"(max-width: 1024px) 100vw, 1024px\" \/><\/figure>\n","protected":false},"excerpt":{"rendered":"<p>Visit to Olomouc Research Library: Study Room of Historical Collections Olomouc Research Library is a public library with a rich tradition (founded in 1566) and an extensive library collection covering all subjects (more than 2 million volumes). It is the second oldest and third largest library of its kind in the Czech Republic.During the visit,<\/p>\n","protected":false},"author":2,"featured_media":0,"parent":0,"menu_order":0,"comment_status":"closed","ping_status":"closed","template":"","meta":{"_bbp_topic_count":0,"_bbp_reply_count":0,"_bbp_total_topic_count":0,"_bbp_total_reply_count":0,"_bbp_voice_count":0,"_bbp_anonymous_reply_count":0,"_bbp_topic_count_hidden":0,"_bbp_reply_count_hidden":0,"_bbp_forum_subforum_count":0,"footnotes":""},"jetpack_sharing_enabled":true,"_links":{"self":[{"href":"https:\/\/eacs.upol.cz\/index.php\/wp-json\/wp\/v2\/pages\/1295"}],"collection":[{"href":"https:\/\/eacs.upol.cz\/index.php\/wp-json\/wp\/v2\/pages"}],"about":[{"href":"https:\/\/eacs.upol.cz\/index.php\/wp-json\/wp\/v2\/types\/page"}],"author":[{"embeddable":true,"href":"https:\/\/eacs.upol.cz\/index.php\/wp-json\/wp\/v2\/users\/2"}],"replies":[{"embeddable":true,"href":"https:\/\/eacs.upol.cz\/index.php\/wp-json\/wp\/v2\/comments?post=1295"}],"version-history":[{"count":1,"href":"https:\/\/eacs.upol.cz\/index.php\/wp-json\/wp\/v2\/pages\/1295\/revisions"}],"predecessor-version":[{"id":1296,"href":"https:\/\/eacs.upol.cz\/index.php\/wp-json\/wp\/v2\/pages\/1295\/revisions\/1296"}],"wp:attachment":[{"href":"https:\/\/eacs.upol.cz\/index.php\/wp-json\/wp\/v2\/media?parent=1295"}],"curies":[{"name":"wp","href":"https:\/\/api.w.org\/{rel}","templated":true}]}}