{"id":1299,"date":"2022-08-12T09:22:25","date_gmt":"2022-08-12T09:22:25","guid":{"rendered":"https:\/\/eacs.upol.cz\/?page_id=1299"},"modified":"2022-08-12T09:23:13","modified_gmt":"2022-08-12T09:23:13","slug":"olomouc-city-tour","status":"publish","type":"page","link":"https:\/\/eacs.upol.cz\/index.php\/olomouc-city-tour\/","title":{"rendered":"Olomouc City Tour"},"content":{"rendered":"\n<p class=\"text-justify has-black-color has-text-color\">See the Olomouc highlights with a tour guide and learn more about Olomouc\u2019s rich history. The walking tour will start at 6 pm at the Olomouc tourist centre on the Upper Square (Horn\u00ed n\u00e1m\u011bst\u00ed) and will take about 2 hours.<br><\/p>\n\n\n\n<p class=\"text-justify has-black-color has-text-color\"><strong>Time and location: <\/strong>August 25 and 26, 18:00 | Upper Sqaure (Horn\u00ed n\u00e1m\u011bst\u00ed) <\/p>\n\n\n\n<p class=\"text-justify\"><span class=\"has-inline-color has-black-color\">Capacity is limited. Therefore, please register at the registration desk or by using <\/span><strong><span class=\"has-inline-color has-vivid-cyan-blue-color\">this link<\/span><\/strong><span class=\"has-inline-color has-black-color\">.<\/span><\/p>\n\n\n\n<figure class=\"wp-block-image size-full\"><img decoding=\"async\" loading=\"lazy\" width=\"608\" height=\"823\" src=\"https:\/\/eacs.upol.cz\/wp-content\/uploads\/2022\/08\/hornam.png\" alt=\"\" class=\"wp-image-1300\" srcset=\"https:\/\/eacs.upol.cz\/wp-content\/uploads\/2022\/08\/hornam.png 608w, https:\/\/eacs.upol.cz\/wp-content\/uploads\/2022\/08\/hornam-222x300.png 222w, https:\/\/eacs.upol.cz\/wp-content\/uploads\/2022\/08\/hornam-600x812.png 600w, https:\/\/eacs.upol.cz\/wp-content\/uploads\/2022\/08\/hornam-44x60.png 44w, https:\/\/eacs.upol.cz\/wp-content\/uploads\/2022\/08\/hornam-66x90.png 66w\" sizes=\"(max-width: 608px) 100vw, 608px\" \/><\/figure>\n","protected":false},"excerpt":{"rendered":"<p>See the Olomouc highlights with a tour guide and learn more about Olomouc\u2019s rich history. The walking tour will start at 6 pm at the Olomouc tourist centre on the Upper Square (Horn\u00ed n\u00e1m\u011bst\u00ed) and will take about 2 hours. Time and location: August 25 and 26, 18:00 | Upper Sqaure (Horn\u00ed n\u00e1m\u011bst\u00ed) Capacity is<\/p>\n","protected":false},"author":2,"featured_media":0,"parent":0,"menu_order":0,"comment_status":"closed","ping_status":"closed","template":"","meta":{"_bbp_topic_count":0,"_bbp_reply_count":0,"_bbp_total_topic_count":0,"_bbp_total_reply_count":0,"_bbp_voice_count":0,"_bbp_anonymous_reply_count":0,"_bbp_topic_count_hidden":0,"_bbp_reply_count_hidden":0,"_bbp_forum_subforum_count":0,"footnotes":""},"jetpack_sharing_enabled":true,"_links":{"self":[{"href":"https:\/\/eacs.upol.cz\/index.php\/wp-json\/wp\/v2\/pages\/1299"}],"collection":[{"href":"https:\/\/eacs.upol.cz\/index.php\/wp-json\/wp\/v2\/pages"}],"about":[{"href":"https:\/\/eacs.upol.cz\/index.php\/wp-json\/wp\/v2\/types\/page"}],"author":[{"embeddable":true,"href":"https:\/\/eacs.upol.cz\/index.php\/wp-json\/wp\/v2\/users\/2"}],"replies":[{"embeddable":true,"href":"https:\/\/eacs.upol.cz\/index.php\/wp-json\/wp\/v2\/comments?post=1299"}],"version-history":[{"count":3,"href":"https:\/\/eacs.upol.cz\/index.php\/wp-json\/wp\/v2\/pages\/1299\/revisions"}],"predecessor-version":[{"id":1305,"href":"https:\/\/eacs.upol.cz\/index.php\/wp-json\/wp\/v2\/pages\/1299\/revisions\/1305"}],"wp:attachment":[{"href":"https:\/\/eacs.upol.cz\/index.php\/wp-json\/wp\/v2\/media?parent=1299"}],"curies":[{"name":"wp","href":"https:\/\/api.w.org\/{rel}","templated":true}]}}