{"id":1330,"date":"2022-08-12T10:34:25","date_gmt":"2022-08-12T10:34:25","guid":{"rendered":"https:\/\/eacs.upol.cz\/?page_id=1330"},"modified":"2022-08-12T10:35:54","modified_gmt":"2022-08-12T10:35:54","slug":"film-screening","status":"publish","type":"page","link":"https:\/\/eacs.upol.cz\/index.php\/film-screening\/","title":{"rendered":"Film screening"},"content":{"rendered":"\n<h3 class=\"wp-block-heading\">Denise Ho: Becoming the Song<\/h3>\n\n\n\n<p class=\"has-black-color has-text-color\">2020, Documentary<br>Director: Sue Williams | Writer: Sue Williams | Star: Denise Ho<\/p>\n\n\n\n<p class=\"text-justify has-black-color has-text-color\">Denise Ho \u2013 Becoming the Song profiles the gay Hong Kong singer and human rights activist Denise Ho. Drawing on unprecedented, years-long access, the film explores her remarkable journey from commercial Cantopop superstar to outspoken political activist, an artist who has put her life and career on the line in support of the determined struggle of Hong Kong citizens to maintain their identity and freedom.<\/p>\n\n\n\n<p class=\"text-justify has-black-color has-text-color\"><strong>Awards:<\/strong> Official Selection \u2013 Frameline (San Francisco International LGBTQ Film Festival), Singapore International Film Festival, the Filmex Festival in Tokyo, the Athena Festival in New York, and others.<br><\/p>\n\n\n\n<p class=\"text-justify has-black-color has-text-color\"><strong>Time and location: <\/strong>August 25, 17:30\u201319:30 | Filmov\u00fd s\u00e1l\/Film Hall (3rd floor), Um\u011bleck\u00e9 centrum UP (Palack\u00fd University Art\u2019s Centre), Univerzitn\u00ed 3 <\/p>\n\n\n\n<p class=\"has-black-color has-text-color\"><strong>Introduction by<\/strong><br>Prof. Andrea Riemenschnitter (University of Zurich)<\/p>\n\n\n\n<figure class=\"wp-block-image size-full\"><img decoding=\"async\" loading=\"lazy\" width=\"781\" height=\"556\" src=\"https:\/\/eacs.upol.cz\/wp-content\/uploads\/2022\/08\/hoho.png\" alt=\"\" class=\"wp-image-1333\" srcset=\"https:\/\/eacs.upol.cz\/wp-content\/uploads\/2022\/08\/hoho.png 781w, https:\/\/eacs.upol.cz\/wp-content\/uploads\/2022\/08\/hoho-300x214.png 300w, https:\/\/eacs.upol.cz\/wp-content\/uploads\/2022\/08\/hoho-768x547.png 768w, https:\/\/eacs.upol.cz\/wp-content\/uploads\/2022\/08\/hoho-600x427.png 600w\" sizes=\"(max-width: 781px) 100vw, 781px\" \/><\/figure>\n","protected":false},"excerpt":{"rendered":"<p>Denise Ho: Becoming the Song 2020, DocumentaryDirector: Sue Williams | Writer: Sue Williams | Star: Denise Ho Denise Ho \u2013 Becoming the Song profiles the gay Hong Kong singer and human rights activist Denise Ho. Drawing on unprecedented, years-long access, the film explores her remarkable journey from commercial Cantopop superstar to outspoken political activist, an<\/p>\n","protected":false},"author":2,"featured_media":0,"parent":0,"menu_order":0,"comment_status":"closed","ping_status":"closed","template":"","meta":{"_bbp_topic_count":0,"_bbp_reply_count":0,"_bbp_total_topic_count":0,"_bbp_total_reply_count":0,"_bbp_voice_count":0,"_bbp_anonymous_reply_count":0,"_bbp_topic_count_hidden":0,"_bbp_reply_count_hidden":0,"_bbp_forum_subforum_count":0,"footnotes":""},"jetpack_sharing_enabled":true,"_links":{"self":[{"href":"https:\/\/eacs.upol.cz\/index.php\/wp-json\/wp\/v2\/pages\/1330"}],"collection":[{"href":"https:\/\/eacs.upol.cz\/index.php\/wp-json\/wp\/v2\/pages"}],"about":[{"href":"https:\/\/eacs.upol.cz\/index.php\/wp-json\/wp\/v2\/types\/page"}],"author":[{"embeddable":true,"href":"https:\/\/eacs.upol.cz\/index.php\/wp-json\/wp\/v2\/users\/2"}],"replies":[{"embeddable":true,"href":"https:\/\/eacs.upol.cz\/index.php\/wp-json\/wp\/v2\/comments?post=1330"}],"version-history":[{"count":6,"href":"https:\/\/eacs.upol.cz\/index.php\/wp-json\/wp\/v2\/pages\/1330\/revisions"}],"predecessor-version":[{"id":1339,"href":"https:\/\/eacs.upol.cz\/index.php\/wp-json\/wp\/v2\/pages\/1330\/revisions\/1339"}],"wp:attachment":[{"href":"https:\/\/eacs.upol.cz\/index.php\/wp-json\/wp\/v2\/media?parent=1330"}],"curies":[{"name":"wp","href":"https:\/\/api.w.org\/{rel}","templated":true}]}}