{"id":1344,"date":"2022-08-18T10:27:06","date_gmt":"2022-08-18T10:27:06","guid":{"rendered":"https:\/\/eacs.upol.cz\/?page_id=1344"},"modified":"2022-08-18T10:39:44","modified_gmt":"2022-08-18T10:39:44","slug":"travelling-within-olomouc","status":"publish","type":"page","link":"https:\/\/eacs.upol.cz\/index.php\/travelling-within-olomouc\/","title":{"rendered":"Travelling within Olomouc"},"content":{"rendered":"\n<p>Olomouc is a walkable city, but you can also use trams and buses to travel within. See the following links for information:<\/p>\n\n\n\n<ul><li><a href=\"https:\/\/www.dpmo.cz\/en\/information-for-passengers\/timetables\/\">timetables<\/a><\/li><li><a href=\"https:\/\/www.dpmo.cz\/en\/information-for-passengers\/tariff\/\">fares<\/a><\/li><\/ul>\n\n\n\n<p class=\"text-justify\">You can purchase tickets from ticket machines at tram stops and bus stops (ticket machines accept only coins, except at the main railway station, where you can also pay by card). You can also purchase your ticket via a mobile phone with a Czech number or directly from the driver, but a small surcharge applies. Please remember to validate your ticket upon boarding the bus or tram.<\/p>\n\n\n\n<div class=\"wp-block-media-text alignwide has-media-on-the-right is-stacked-on-mobile\" style=\"grid-template-columns:auto 17%\"><figure class=\"wp-block-media-text__media\"><img decoding=\"async\" loading=\"lazy\" width=\"200\" height=\"198\" src=\"https:\/\/eacs.upol.cz\/wp-content\/uploads\/2021\/05\/dpmo-app.jpg\" alt=\"\" class=\"wp-image-335 size-full\" srcset=\"https:\/\/eacs.upol.cz\/wp-content\/uploads\/2021\/05\/dpmo-app.jpg 200w, https:\/\/eacs.upol.cz\/wp-content\/uploads\/2021\/05\/dpmo-app-150x150.jpg 150w, https:\/\/eacs.upol.cz\/wp-content\/uploads\/2021\/05\/dpmo-app-120x120.jpg 120w, https:\/\/eacs.upol.cz\/wp-content\/uploads\/2021\/05\/dpmo-app-100x100.jpg 100w\" sizes=\"(max-width: 200px) 100vw, 200px\" \/><\/figure><div class=\"wp-block-media-text__content\">\n<p class=\"has-normal-font-size\">You can download a DPMO app (iOS and Android) and quickly pay for your ticket by card or Apple pay. <\/p>\n<\/div><\/div>\n\n\n\n<p><\/p>\n\n\n\n<p>The closest tram stops to the conference venue are\u00a0<strong>U D\u00f3mu\u00a0<\/strong>(for K\u0159\u00ed\u017ekovsk\u00e9ho 10),\u00a0<strong>N\u00e1m\u011bst\u00ed Republiky\u00a0<\/strong>(for the Arts Centre), and  <strong>U svat\u00e9ho Mo\u0159ice\u00a0<\/strong> (for Metropol Cinema) &#8211; trams no. <strong>2, 4, 6<\/strong> stop at all three locations as they are next to each other. <\/p>\n\n\n\n<p>The stop in front of the main railway station is called&nbsp;<strong>Hlavn\u00ed n\u00e1dra\u017e\u00ed<\/strong>.<\/p>\n","protected":false},"excerpt":{"rendered":"<p>Olomouc is a walkable city, but you can also use trams and buses to travel within. See the following links for information: timetables fares You can purchase tickets from ticket machines at tram stops and bus stops (ticket machines accept only coins, except at the main railway station, where you can also pay by card).<\/p>\n","protected":false},"author":2,"featured_media":0,"parent":0,"menu_order":0,"comment_status":"closed","ping_status":"closed","template":"","meta":{"_bbp_topic_count":0,"_bbp_reply_count":0,"_bbp_total_topic_count":0,"_bbp_total_reply_count":0,"_bbp_voice_count":0,"_bbp_anonymous_reply_count":0,"_bbp_topic_count_hidden":0,"_bbp_reply_count_hidden":0,"_bbp_forum_subforum_count":0,"footnotes":""},"jetpack_sharing_enabled":true,"_links":{"self":[{"href":"https:\/\/eacs.upol.cz\/index.php\/wp-json\/wp\/v2\/pages\/1344"}],"collection":[{"href":"https:\/\/eacs.upol.cz\/index.php\/wp-json\/wp\/v2\/pages"}],"about":[{"href":"https:\/\/eacs.upol.cz\/index.php\/wp-json\/wp\/v2\/types\/page"}],"author":[{"embeddable":true,"href":"https:\/\/eacs.upol.cz\/index.php\/wp-json\/wp\/v2\/users\/2"}],"replies":[{"embeddable":true,"href":"https:\/\/eacs.upol.cz\/index.php\/wp-json\/wp\/v2\/comments?post=1344"}],"version-history":[{"count":5,"href":"https:\/\/eacs.upol.cz\/index.php\/wp-json\/wp\/v2\/pages\/1344\/revisions"}],"predecessor-version":[{"id":1356,"href":"https:\/\/eacs.upol.cz\/index.php\/wp-json\/wp\/v2\/pages\/1344\/revisions\/1356"}],"wp:attachment":[{"href":"https:\/\/eacs.upol.cz\/index.php\/wp-json\/wp\/v2\/media?parent=1344"}],"curies":[{"name":"wp","href":"https:\/\/api.w.org\/{rel}","templated":true}]}}