{"id":207,"date":"2021-03-31T11:01:58","date_gmt":"2021-03-31T11:01:58","guid":{"rendered":"https:\/\/eacs.upol.cz\/?page_id=207"},"modified":"2022-06-07T14:37:05","modified_gmt":"2022-06-07T14:37:05","slug":"venues","status":"publish","type":"page","link":"https:\/\/eacs.upol.cz\/index.php\/venues\/","title":{"rendered":"Venues"},"content":{"rendered":"\n<p class=\"justify-text has-text-color\" style=\"color:#5d5e60\">The EACS conference will be hosted at the Faculty of Arts in the heart of the historic part of Olomouc. Recently restored faculty buildings will provide all the necessary equipment and comfort for the conference.<\/p>\n\n\n\n<h3 class=\"wp-block-heading\"><span id=\"Faculty_of_Arts_at_Krizkovskeho_10\">Faculty of Arts at K\u0159\u00ed\u017ekovsk\u00e9ho 10<\/span><\/h3>\n\n\n\n<figure class=\"wp-block-gallery columns-3 is-cropped wp-block-gallery-1 is-layout-flex wp-block-gallery-is-layout-flex\"><ul class=\"blocks-gallery-grid\"><li class=\"blocks-gallery-item\"><figure><img decoding=\"async\" loading=\"lazy\" width=\"1024\" height=\"683\" src=\"https:\/\/eacs.upol.cz\/wp-content\/uploads\/2021\/09\/33478861711_56cb8639e3_o-1024x683.jpg\" alt=\"\" data-id=\"471\" data-full-url=\"https:\/\/eacs.upol.cz\/wp-content\/uploads\/2021\/09\/33478861711_56cb8639e3_o.jpg\" data-link=\"https:\/\/eacs.upol.cz\/33478861711_56cb8639e3_o\/\" class=\"wp-image-471\" srcset=\"https:\/\/eacs.upol.cz\/wp-content\/uploads\/2021\/09\/33478861711_56cb8639e3_o-1024x683.jpg 1024w, https:\/\/eacs.upol.cz\/wp-content\/uploads\/2021\/09\/33478861711_56cb8639e3_o-300x200.jpg 300w, https:\/\/eacs.upol.cz\/wp-content\/uploads\/2021\/09\/33478861711_56cb8639e3_o-768x512.jpg 768w, https:\/\/eacs.upol.cz\/wp-content\/uploads\/2021\/09\/33478861711_56cb8639e3_o.jpg 1500w\" sizes=\"(max-width: 1024px) 100vw, 1024px\" \/><\/figure><\/li><li class=\"blocks-gallery-item\"><figure><img decoding=\"async\" loading=\"lazy\" width=\"1024\" height=\"720\" src=\"https:\/\/eacs.upol.cz\/wp-content\/uploads\/2021\/09\/ff-k10-web-1024x720.jpg\" alt=\"\" data-id=\"472\" data-full-url=\"https:\/\/eacs.upol.cz\/wp-content\/uploads\/2021\/09\/ff-k10-web.jpg\" data-link=\"https:\/\/eacs.upol.cz\/ff-k10-web\/\" class=\"wp-image-472\" srcset=\"https:\/\/eacs.upol.cz\/wp-content\/uploads\/2021\/09\/ff-k10-web-1024x720.jpg 1024w, https:\/\/eacs.upol.cz\/wp-content\/uploads\/2021\/09\/ff-k10-web-300x211.jpg 300w, https:\/\/eacs.upol.cz\/wp-content\/uploads\/2021\/09\/ff-k10-web-768x540.jpg 768w, https:\/\/eacs.upol.cz\/wp-content\/uploads\/2021\/09\/ff-k10-web.jpg 1150w\" sizes=\"(max-width: 1024px) 100vw, 1024px\" \/><\/figure><\/li><li class=\"blocks-gallery-item\"><figure><img decoding=\"async\" loading=\"lazy\" width=\"1024\" height=\"683\" src=\"https:\/\/eacs.upol.cz\/wp-content\/uploads\/2021\/09\/31256527547_f30764da0d_o-1024x683.jpg\" alt=\"\" data-id=\"470\" data-full-url=\"https:\/\/eacs.upol.cz\/wp-content\/uploads\/2021\/09\/31256527547_f30764da0d_o.jpg\" data-link=\"https:\/\/eacs.upol.cz\/31256527547_f30764da0d_o\/\" class=\"wp-image-470\" srcset=\"https:\/\/eacs.upol.cz\/wp-content\/uploads\/2021\/09\/31256527547_f30764da0d_o-1024x683.jpg 1024w, https:\/\/eacs.upol.cz\/wp-content\/uploads\/2021\/09\/31256527547_f30764da0d_o-300x200.jpg 300w, https:\/\/eacs.upol.cz\/wp-content\/uploads\/2021\/09\/31256527547_f30764da0d_o-768x512.jpg 768w, https:\/\/eacs.upol.cz\/wp-content\/uploads\/2021\/09\/31256527547_f30764da0d_o.jpg 1200w\" sizes=\"(max-width: 1024px) 100vw, 1024px\" \/><\/figure><\/li><li class=\"blocks-gallery-item\"><figure><img decoding=\"async\" loading=\"lazy\" width=\"1024\" height=\"683\" src=\"https:\/\/eacs.upol.cz\/wp-content\/uploads\/2021\/09\/bla-1024x683.jpg\" alt=\"\" data-id=\"469\" data-full-url=\"https:\/\/eacs.upol.cz\/wp-content\/uploads\/2021\/09\/bla.jpg\" data-link=\"https:\/\/eacs.upol.cz\/bla-2\/\" class=\"wp-image-469\" srcset=\"https:\/\/eacs.upol.cz\/wp-content\/uploads\/2021\/09\/bla-1024x683.jpg 1024w, https:\/\/eacs.upol.cz\/wp-content\/uploads\/2021\/09\/bla-300x200.jpg 300w, https:\/\/eacs.upol.cz\/wp-content\/uploads\/2021\/09\/bla-768x512.jpg 768w, https:\/\/eacs.upol.cz\/wp-content\/uploads\/2021\/09\/bla-1536x1024.jpg 1536w, https:\/\/eacs.upol.cz\/wp-content\/uploads\/2021\/09\/bla-2048x1365.jpg 2048w\" sizes=\"(max-width: 1024px) 100vw, 1024px\" \/><\/figure><\/li><\/ul><\/figure>\n\n\n\n<hr class=\"wp-block-separator\"\/>\n\n\n\n<h3 class=\"text-justify wp-block-heading\"><span id=\"Palacky_University8217s_Arts_Centre_Konvikt_at_Univerzitni_3\">Palack\u00fd University&#8217;s Arts Centre (Konvikt) at Univerzitn\u00ed 3<\/span><\/h3>\n\n\n\n<div class=\"wp-block-media-text alignwide is-stacked-on-mobile is-vertically-aligned-top\"><figure class=\"wp-block-media-text__media\"><img decoding=\"async\" loading=\"lazy\" width=\"1024\" height=\"600\" src=\"https:\/\/eacs.upol.cz\/wp-content\/uploads\/2022\/03\/P4P_Konvikt_denni_fin3_web-1024x600.jpeg\" alt=\"\" class=\"wp-image-709 size-full\" srcset=\"https:\/\/eacs.upol.cz\/wp-content\/uploads\/2022\/03\/P4P_Konvikt_denni_fin3_web-1024x600.jpeg 1024w, https:\/\/eacs.upol.cz\/wp-content\/uploads\/2022\/03\/P4P_Konvikt_denni_fin3_web-300x176.jpeg 300w, https:\/\/eacs.upol.cz\/wp-content\/uploads\/2022\/03\/P4P_Konvikt_denni_fin3_web-768x450.jpeg 768w, https:\/\/eacs.upol.cz\/wp-content\/uploads\/2022\/03\/P4P_Konvikt_denni_fin3_web-1536x900.jpeg 1536w, https:\/\/eacs.upol.cz\/wp-content\/uploads\/2022\/03\/P4P_Konvikt_denni_fin3_web-600x351.jpeg 600w, https:\/\/eacs.upol.cz\/wp-content\/uploads\/2022\/03\/P4P_Konvikt_denni_fin3_web-102x60.jpeg 102w, https:\/\/eacs.upol.cz\/wp-content\/uploads\/2022\/03\/P4P_Konvikt_denni_fin3_web-154x90.jpeg 154w, https:\/\/eacs.upol.cz\/wp-content\/uploads\/2022\/03\/P4P_Konvikt_denni_fin3_web.jpeg 1600w\" sizes=\"(max-width: 1024px) 100vw, 1024px\" \/><\/figure><div class=\"wp-block-media-text__content\">\n<p class=\"text-justify has-text-color has-normal-font-size\" style=\"color:#5d5e60\">A Baroque building of the former Jesuit monastery dating to the 16th century. One of the most historic parts of the Palack\u00fd University Olomouc, which the 2002 large-scale reconstruction transformed into a modern academic complex and hub of Olomouc&#8217;s cultural life.<\/p>\n\n\n\n<div class=\"wp-block-wpzoom-blocks-social-icons is-style-with-canvas-round\" style=\"--wpz-social-icons-block-item-font-size:20px;--wpz-social-icons-block-item-padding-horizontal:10px;--wpz-social-icons-block-item-padding-vertical:10px;--wpz-social-icons-block-item-margin-horizontal:5px;--wpz-social-icons-block-item-margin-vertical:5px;--wpz-social-icons-block-item-border-radius:50px;--wpz-social-icons-block-label-font-size:20px;--wpz-social-icons-block-label-color:#2e3131;--wpz-social-icons-block-label-color-hover:#2e3131;--wpz-social-icons-alignment:flex-start\"><a href=\"https:\/\/uc.upol.cz\/en\/\" class=\"social-icon-link\" style=\"--wpz-social-icons-block-item-color:#3b5998;--wpz-social-icons-block-item-color-hover:#3b5998\"><span class=\"social-icon dashicons dashicons-admin-site\"><\/span><\/a><\/div>\n\n\n\n<p><\/p>\n<\/div><\/div>\n\n\n\n<hr class=\"wp-block-separator\"\/>\n\n\n\n<h3 class=\"wp-block-heading\"><span id=\"Kino_Metropol_8211_Conference_opening_First_keynote_lecture_YSA_presentations\">Kino Metropol &#8211; Conference opening, First keynote lecture, YSA presentations<\/span><\/h3>\n\n\n\n<div class=\"wp-block-media-text alignwide is-stacked-on-mobile text-justify\"><figure class=\"wp-block-media-text__media\"><img decoding=\"async\" loading=\"lazy\" width=\"1000\" height=\"667\" src=\"https:\/\/eacs.upol.cz\/wp-content\/uploads\/2022\/06\/size4-16061350758572-124-kino-metropol-hleda-nejvernejsiho-divaka-ten-ziska-rocni-volnou-vstupenku-do-kina.jpg\" alt=\"\" class=\"wp-image-1105 size-full\" srcset=\"https:\/\/eacs.upol.cz\/wp-content\/uploads\/2022\/06\/size4-16061350758572-124-kino-metropol-hleda-nejvernejsiho-divaka-ten-ziska-rocni-volnou-vstupenku-do-kina.jpg 1000w, https:\/\/eacs.upol.cz\/wp-content\/uploads\/2022\/06\/size4-16061350758572-124-kino-metropol-hleda-nejvernejsiho-divaka-ten-ziska-rocni-volnou-vstupenku-do-kina-300x200.jpg 300w, https:\/\/eacs.upol.cz\/wp-content\/uploads\/2022\/06\/size4-16061350758572-124-kino-metropol-hleda-nejvernejsiho-divaka-ten-ziska-rocni-volnou-vstupenku-do-kina-768x512.jpg 768w, https:\/\/eacs.upol.cz\/wp-content\/uploads\/2022\/06\/size4-16061350758572-124-kino-metropol-hleda-nejvernejsiho-divaka-ten-ziska-rocni-volnou-vstupenku-do-kina-600x400.jpg 600w, https:\/\/eacs.upol.cz\/wp-content\/uploads\/2022\/06\/size4-16061350758572-124-kino-metropol-hleda-nejvernejsiho-divaka-ten-ziska-rocni-volnou-vstupenku-do-kina-90x60.jpg 90w, https:\/\/eacs.upol.cz\/wp-content\/uploads\/2022\/06\/size4-16061350758572-124-kino-metropol-hleda-nejvernejsiho-divaka-ten-ziska-rocni-volnou-vstupenku-do-kina-135x90.jpg 135w\" sizes=\"(max-width: 1000px) 100vw, 1000px\" \/><\/figure><div class=\"wp-block-media-text__content\">\n<p class=\"has-text-color has-normal-font-size\" style=\"color:#5d5e60\">The Metropol cinema is the last classic cinema in Olomouc. The cinema in the very centre of the historical and university metropolis of Han\u00e1 was established in 1933.<\/p>\n\n\n\n<p class=\"has-text-color\" style=\"color:#5d5e60\">Address: Sokolsk\u00e1 25, Olomouc (approximately a 10-minute walk from the main conference venue)<\/p>\n<\/div><\/div>\n\n\n\n<hr class=\"wp-block-separator is-style-default\"\/>\n\n\n\n<h3 class=\"wp-block-heading\"><span id=\"Farewell_reception_at_the_Telegraph_Gallery\">Farewell reception at the Telegraph Gallery<\/span><\/h3>\n\n\n\n<div class=\"wp-block-media-text alignwide is-stacked-on-mobile\"><figure class=\"wp-block-media-text__media\"><img decoding=\"async\" src=\"https:\/\/eacs.upol.cz\/wp-content\/uploads\/2022\/03\/teleg-1024x682.jpeg\" alt=\"\" class=\"wp-image-710 size-full\"\/><\/figure><div class=\"wp-block-media-text__content\">\n<p class=\"text-justify has-text-color has-normal-font-size\" style=\"color:#5d5e60\">The telegraph factory built in the year 1908 has been recently converted into a new gallery, co-working hub, art centre and design cafe. The building aims to create live space in the centre of Olomouc, which connects arts with education, business and top gastronomy.<\/p>\n\n\n\n<p class=\"has-text-color\" style=\"color:#5d5e60\">Address: Jungmannova 3, Olomouc<\/p>\n\n\n\n<div class=\"wp-block-wpzoom-blocks-social-icons is-style-with-canvas-round\" style=\"--wpz-social-icons-block-item-font-size:20px;--wpz-social-icons-block-item-padding-horizontal:10px;--wpz-social-icons-block-item-padding-vertical:10px;--wpz-social-icons-block-item-margin-horizontal:5px;--wpz-social-icons-block-item-margin-vertical:5px;--wpz-social-icons-block-item-border-radius:50px;--wpz-social-icons-block-label-font-size:20px;--wpz-social-icons-block-label-color:#2e3131;--wpz-social-icons-block-label-color-hover:#2e3131;--wpz-social-icons-alignment:flex-start\"><a href=\"https:\/\/telegraph.cz\" class=\"social-icon-link\" style=\"--wpz-social-icons-block-item-color:#3b5998;--wpz-social-icons-block-item-color-hover:#3b5998\"><span class=\"social-icon dashicons dashicons-admin-site\"><\/span><\/a><a href=\"https:\/\/www.facebook.com\/telegraph.cz\" class=\"social-icon-link\" style=\"--wpz-social-icons-block-item-color:#1877F2;--wpz-social-icons-block-item-color-hover:#1877F2\"><span class=\"social-icon socicon socicon-facebook\"><\/span><\/a><a href=\"https:\/\/nstagram.com\/telegraph.cz\" class=\"social-icon-link\" style=\"--wpz-social-icons-block-item-color:#e4405f;--wpz-social-icons-block-item-color-hover:#e4405f\"><span class=\"social-icon socicon socicon-instagram\"><\/span><\/a><\/div>\n<\/div><\/div>\n","protected":false},"excerpt":{"rendered":"<p>The EACS conference will be hosted at the Faculty of Arts in the heart of the historic part of Olomouc. Recently restored faculty buildings will provide all the necessary equipment and comfort for the conference. Faculty of Arts at K\u0159\u00ed\u017ekovsk\u00e9ho 10 Palack\u00fd University&#8217;s Arts Centre (Konvikt) at Univerzitn\u00ed 3 Kino Metropol &#8211; Conference opening, First<\/p>\n","protected":false},"author":2,"featured_media":0,"parent":0,"menu_order":0,"comment_status":"closed","ping_status":"closed","template":"","meta":{"_bbp_topic_count":0,"_bbp_reply_count":0,"_bbp_total_topic_count":0,"_bbp_total_reply_count":0,"_bbp_voice_count":0,"_bbp_anonymous_reply_count":0,"_bbp_topic_count_hidden":0,"_bbp_reply_count_hidden":0,"_bbp_forum_subforum_count":0,"footnotes":""},"jetpack_sharing_enabled":true,"_links":{"self":[{"href":"https:\/\/eacs.upol.cz\/index.php\/wp-json\/wp\/v2\/pages\/207"}],"collection":[{"href":"https:\/\/eacs.upol.cz\/index.php\/wp-json\/wp\/v2\/pages"}],"about":[{"href":"https:\/\/eacs.upol.cz\/index.php\/wp-json\/wp\/v2\/types\/page"}],"author":[{"embeddable":true,"href":"https:\/\/eacs.upol.cz\/index.php\/wp-json\/wp\/v2\/users\/2"}],"replies":[{"embeddable":true,"href":"https:\/\/eacs.upol.cz\/index.php\/wp-json\/wp\/v2\/comments?post=207"}],"version-history":[{"count":9,"href":"https:\/\/eacs.upol.cz\/index.php\/wp-json\/wp\/v2\/pages\/207\/revisions"}],"predecessor-version":[{"id":1111,"href":"https:\/\/eacs.upol.cz\/index.php\/wp-json\/wp\/v2\/pages\/207\/revisions\/1111"}],"wp:attachment":[{"href":"https:\/\/eacs.upol.cz\/index.php\/wp-json\/wp\/v2\/media?parent=207"}],"curies":[{"name":"wp","href":"https:\/\/api.w.org\/{rel}","templated":true}]}}