{"id":323,"date":"2021-04-02T07:56:54","date_gmt":"2021-04-02T07:56:54","guid":{"rendered":"https:\/\/eacs.upol.cz\/?page_id=323"},"modified":"2022-08-12T08:31:22","modified_gmt":"2022-08-12T08:31:22","slug":"keynote-speakers","status":"publish","type":"page","link":"https:\/\/eacs.upol.cz\/index.php\/keynote-speakers\/","title":{"rendered":"Keynote Speakers"},"content":{"rendered":"\n<p style=\"font-size:30px\"><strong>Prof. Julie Yu-Wen Chen<\/strong><\/p>\n\n\n\n<div class=\"wp-block-media-text alignwide is-stacked-on-mobile\"><figure class=\"wp-block-media-text__media\"><img decoding=\"async\" loading=\"lazy\" width=\"512\" height=\"512\" src=\"https:\/\/eacs.upol.cz\/wp-content\/uploads\/2021\/08\/julie.png\" alt=\"\" class=\"wp-image-346 size-full\" srcset=\"https:\/\/eacs.upol.cz\/wp-content\/uploads\/2021\/08\/julie.png 512w, https:\/\/eacs.upol.cz\/wp-content\/uploads\/2021\/08\/julie-300x300.png 300w, https:\/\/eacs.upol.cz\/wp-content\/uploads\/2021\/08\/julie-150x150.png 150w, https:\/\/eacs.upol.cz\/wp-content\/uploads\/2021\/08\/julie-120x120.png 120w, https:\/\/eacs.upol.cz\/wp-content\/uploads\/2021\/08\/julie-200x200.png 200w, https:\/\/eacs.upol.cz\/wp-content\/uploads\/2021\/08\/julie-100x100.png 100w\" sizes=\"(max-width: 512px) 100vw, 512px\" \/><\/figure><div class=\"wp-block-media-text__content\">\n<p class=\"has-text-align-left justify-text has-black-color has-text-color has-medium-font-size\">Professor of Chinese Studies at the\u00a0Department of Cultures at the Faculty\u00a0of Arts at the University of Helsinki,\u00a0Finland<\/p>\n\n\n\n<p class=\"text-justify has-black-color has-text-color\"><strong>Lecture title:<\/strong> The Uyghur Issue<\/p>\n\n\n\n<p class=\"text-justify has-black-color has-text-color\"><strong>Time and location:<\/strong> August 25, 9:30\u201310:30, Aula (room 3.32) at K\u0159\u00ed\u017ekovsk\u00e9ho 10<\/p>\n\n\n\n<p class=\"text-justify has-black-color has-text-color\">*Taiwan Lecture on Chinese Studies, sponsored by the National Central Library, Center for Chinese Studies, Taiwan.<\/p>\n<\/div><\/div>\n\n\n\n<p><\/p>\n\n\n\n<p class=\"has-text-align-right\" style=\"font-size:30px\"><strong>Prof. David Uher<\/strong>\u200b<\/p>\n\n\n\n<div class=\"wp-block-media-text alignwide has-media-on-the-right is-stacked-on-mobile\"><figure class=\"wp-block-media-text__media\"><img decoding=\"async\" loading=\"lazy\" width=\"200\" height=\"200\" src=\"https:\/\/eacs.upol.cz\/wp-content\/uploads\/2021\/08\/uher.jpg\" alt=\"\" class=\"wp-image-347 size-full\" srcset=\"https:\/\/eacs.upol.cz\/wp-content\/uploads\/2021\/08\/uher.jpg 200w, https:\/\/eacs.upol.cz\/wp-content\/uploads\/2021\/08\/uher-150x150.jpg 150w, https:\/\/eacs.upol.cz\/wp-content\/uploads\/2021\/08\/uher-120x120.jpg 120w, https:\/\/eacs.upol.cz\/wp-content\/uploads\/2021\/08\/uher-100x100.jpg 100w\" sizes=\"(max-width: 200px) 100vw, 200px\" \/><\/figure><div class=\"wp-block-media-text__content\">\n<p class=\"has-text-align-left justify-text has-black-color has-text-color has-medium-font-size\">Associate Professor at the\u00a0Department of Asian Studies at\u00a0Palack\u00fd University Olomouc, Czechia<\/p>\n\n\n\n<p class=\"text-justify has-black-color has-text-color\"><strong>Lecture title:<\/strong> &#8220;Mandarin Chinese \u2013 a tonal language?&#8221;\u00a0<\/p>\n\n\n\n<p class=\"text-justify has-black-color has-text-color\"><strong>Time and location<\/strong>: August 24, 9:30\u201310:30, Kino Metropol (Metropol Cinema)<\/p>\n<\/div><\/div>\n\n\n\n<p><\/p>\n","protected":false},"excerpt":{"rendered":"<p>Prof. Julie Yu-Wen Chen Professor of Chinese Studies at the\u00a0Department of Cultures at the Faculty\u00a0of Arts at the University of Helsinki,\u00a0Finland Lecture title: The Uyghur Issue Time and location: August 25, 9:30\u201310:30, Aula (room 3.32) at K\u0159\u00ed\u017ekovsk\u00e9ho 10 *Taiwan Lecture on Chinese Studies, sponsored by the National Central Library, Center for Chinese Studies, Taiwan. Prof.<\/p>\n","protected":false},"author":2,"featured_media":0,"parent":0,"menu_order":0,"comment_status":"closed","ping_status":"closed","template":"","meta":{"_bbp_topic_count":0,"_bbp_reply_count":0,"_bbp_total_topic_count":0,"_bbp_total_reply_count":0,"_bbp_voice_count":0,"_bbp_anonymous_reply_count":0,"_bbp_topic_count_hidden":0,"_bbp_reply_count_hidden":0,"_bbp_forum_subforum_count":0,"footnotes":""},"jetpack_sharing_enabled":true,"_links":{"self":[{"href":"https:\/\/eacs.upol.cz\/index.php\/wp-json\/wp\/v2\/pages\/323"}],"collection":[{"href":"https:\/\/eacs.upol.cz\/index.php\/wp-json\/wp\/v2\/pages"}],"about":[{"href":"https:\/\/eacs.upol.cz\/index.php\/wp-json\/wp\/v2\/types\/page"}],"author":[{"embeddable":true,"href":"https:\/\/eacs.upol.cz\/index.php\/wp-json\/wp\/v2\/users\/2"}],"replies":[{"embeddable":true,"href":"https:\/\/eacs.upol.cz\/index.php\/wp-json\/wp\/v2\/comments?post=323"}],"version-history":[{"count":10,"href":"https:\/\/eacs.upol.cz\/index.php\/wp-json\/wp\/v2\/pages\/323\/revisions"}],"predecessor-version":[{"id":1274,"href":"https:\/\/eacs.upol.cz\/index.php\/wp-json\/wp\/v2\/pages\/323\/revisions\/1274"}],"wp:attachment":[{"href":"https:\/\/eacs.upol.cz\/index.php\/wp-json\/wp\/v2\/media?parent=323"}],"curies":[{"name":"wp","href":"https:\/\/api.w.org\/{rel}","templated":true}]}}