{"id":455,"date":"2021-09-02T08:44:32","date_gmt":"2021-09-02T08:44:32","guid":{"rendered":"https:\/\/eacs.upol.cz\/?page_id=455"},"modified":"2022-08-12T10:37:09","modified_gmt":"2022-08-12T10:37:09","slug":"programme-2","status":"publish","type":"page","link":"https:\/\/eacs.upol.cz\/index.php\/programme-2\/","title":{"rendered":"Program"},"content":{"rendered":"\n<h4 class=\"wp-block-heading\"><span id=\"Pre-conference_Schedule\"><a href=\"https:\/\/eacs.upol.cz\/index.php\/pre-conference-schedule\/\" data-type=\"page\" data-id=\"356\">Pre-conference Schedule<\/a><\/span><\/h4>\n\n\n\n<p><\/p>\n\n\n\n<h4 class=\"wp-block-heading\"><span id=\"Conference_Program_Conference_Guide\"><a href=\"https:\/\/eacs.upol.cz\/index.php\/conference-program\/\" data-type=\"page\" data-id=\"1124\"><span class=\"has-inline-color has-luminous-vivid-orange-color\">Conference Program<\/span><\/a><span class=\"has-inline-color has-luminous-vivid-orange-color\"> &amp; Conference Guide<\/span><\/span><\/h4>\n\n\n\n<h4 class=\"wp-block-heading\"><\/h4>\n\n\n\n<h4 class=\"wp-block-heading\"><span id=\"Keynote_Speakers\"><a href=\"https:\/\/eacs.upol.cz\/index.php\/keynote-speakers\/\" data-type=\"page\" data-id=\"323\">Keynote Speakers<\/a><\/span><\/h4>\n\n\n\n<p><\/p>\n\n\n\n<h4 class=\"wp-block-heading\"><span id=\"Venues\"><a href=\"https:\/\/eacs.upol.cz\/index.php\/venues\/\" data-type=\"page\" data-id=\"207\">Venues<\/a><\/span><\/h4>\n\n\n\n<p><\/p>\n\n\n\n<h4 class=\"wp-block-heading\"><span id=\"Young_Scholar_Award\"><a href=\"https:\/\/eacs.upol.cz\/index.php\/young-scholar-award\/\" data-type=\"page\" data-id=\"320\">Young Scholar Award<\/a><\/span><\/h4>\n\n\n\n<h4 class=\"wp-block-heading\"><span id=\"Film_Screening\"><span class=\"has-inline-color has-vivid-cyan-blue-color\"><a href=\"https:\/\/eacs.upol.cz\/index.php\/film-screening\/\" data-type=\"page\" data-id=\"1330\">Film Screening<\/a><\/span><\/span><\/h4>\n\n\n\n<h4 class=\"wp-block-heading\"><span id=\"Olomouc_City_Tour\"><a href=\"https:\/\/eacs.upol.cz\/index.php\/olomouc-city-tour\/\" data-type=\"page\" data-id=\"1299\">Olomouc City Tour<\/a><\/span><\/h4>\n\n\n\n<h4 class=\"wp-block-heading\"><span id=\"Visit_to_Olomouc_Research_Library_Study_Room_of_Historical_Collections\"><a href=\"https:\/\/eacs.upol.cz\/index.php\/visit-to-olomouc-research-library\/\" data-type=\"page\" data-id=\"1295\">Visit to Olomouc Research Library: Study Room of Historical Collections<\/a><\/span><\/h4>\n\n\n\n<h4 class=\"wp-block-heading\"><span id=\"Sunday_Optional_Trip_to_Kromeriz\"><a href=\"https:\/\/eacs.upol.cz\/index.php\/sunday-optional-trip-to-kromeriz\/\" data-type=\"page\" data-id=\"722\">Sunday Optional Trip to Krom\u011b\u0159\u00ed\u017e<\/a><\/span><\/h4>\n","protected":false},"excerpt":{"rendered":"<p>Pre-conference Schedule Conference Program &amp; Conference Guide Keynote Speakers Venues Young Scholar Award Film Screening Olomouc City Tour Visit to Olomouc Research Library: Study Room of Historical Collections Sunday Optional Trip to Krom\u011b\u0159\u00ed\u017e<\/p>\n","protected":false},"author":2,"featured_media":0,"parent":0,"menu_order":0,"comment_status":"closed","ping_status":"closed","template":"","meta":{"_bbp_topic_count":0,"_bbp_reply_count":0,"_bbp_total_topic_count":0,"_bbp_total_reply_count":0,"_bbp_voice_count":0,"_bbp_anonymous_reply_count":0,"_bbp_topic_count_hidden":0,"_bbp_reply_count_hidden":0,"_bbp_forum_subforum_count":0,"footnotes":""},"jetpack_sharing_enabled":true,"_links":{"self":[{"href":"https:\/\/eacs.upol.cz\/index.php\/wp-json\/wp\/v2\/pages\/455"}],"collection":[{"href":"https:\/\/eacs.upol.cz\/index.php\/wp-json\/wp\/v2\/pages"}],"about":[{"href":"https:\/\/eacs.upol.cz\/index.php\/wp-json\/wp\/v2\/types\/page"}],"author":[{"embeddable":true,"href":"https:\/\/eacs.upol.cz\/index.php\/wp-json\/wp\/v2\/users\/2"}],"replies":[{"embeddable":true,"href":"https:\/\/eacs.upol.cz\/index.php\/wp-json\/wp\/v2\/comments?post=455"}],"version-history":[{"count":16,"href":"https:\/\/eacs.upol.cz\/index.php\/wp-json\/wp\/v2\/pages\/455\/revisions"}],"predecessor-version":[{"id":1341,"href":"https:\/\/eacs.upol.cz\/index.php\/wp-json\/wp\/v2\/pages\/455\/revisions\/1341"}],"wp:attachment":[{"href":"https:\/\/eacs.upol.cz\/index.php\/wp-json\/wp\/v2\/media?parent=455"}],"curies":[{"name":"wp","href":"https:\/\/api.w.org\/{rel}","templated":true}]}}