{"id":48,"date":"2021-03-29T15:23:23","date_gmt":"2021-03-29T15:23:23","guid":{"rendered":"https:\/\/eacs.upol.cz\/?page_id=48"},"modified":"2022-08-12T10:07:07","modified_gmt":"2022-08-12T10:07:07","slug":"partners","status":"publish","type":"page","link":"https:\/\/eacs.upol.cz\/index.php\/partners\/","title":{"rendered":"Partners &#038; Sponsors"},"content":{"rendered":"\n<div class=\"wp-block-media-text alignwide is-stacked-on-mobile is-vertically-aligned-center\" style=\"grid-template-columns:34% auto\"><figure class=\"wp-block-media-text__media\"><a href=\"https:\/\/www.upol.cz\/en\/\" target=\"_blank\" rel=\"noopener\"><img decoding=\"async\" loading=\"lazy\" width=\"789\" height=\"390\" src=\"https:\/\/eacs.upol.cz\/wp-content\/uploads\/2022\/01\/logoup2.png\" alt=\"\" class=\"wp-image-582 size-full\" srcset=\"https:\/\/eacs.upol.cz\/wp-content\/uploads\/2022\/01\/logoup2.png 789w, https:\/\/eacs.upol.cz\/wp-content\/uploads\/2022\/01\/logoup2-300x148.png 300w, https:\/\/eacs.upol.cz\/wp-content\/uploads\/2022\/01\/logoup2-768x380.png 768w\" sizes=\"(max-width: 789px) 100vw, 789px\" \/><\/a><\/figure><div class=\"wp-block-media-text__content\">\n<p class=\"has-large-font-size\"><\/p>\n<\/div><\/div>\n\n\n\n<div class=\"wp-block-media-text alignwide has-media-on-the-right is-stacked-on-mobile is-vertically-aligned-center\" style=\"grid-template-columns:auto 71%\"><figure class=\"wp-block-media-text__media\"><a href=\"http:\/\/www.cckf.org\/en\/\" target=\"_blank\" rel=\"noopener\"><img decoding=\"async\" loading=\"lazy\" width=\"538\" height=\"86\" src=\"https:\/\/eacs.upol.cz\/wp-content\/uploads\/2022\/01\/logocnki-1.png\" alt=\"\" class=\"wp-image-577 size-full\" srcset=\"https:\/\/eacs.upol.cz\/wp-content\/uploads\/2022\/01\/logocnki-1.png 538w, https:\/\/eacs.upol.cz\/wp-content\/uploads\/2022\/01\/logocnki-1-300x48.png 300w\" sizes=\"(max-width: 538px) 100vw, 538px\" \/><\/a><\/figure><div class=\"wp-block-media-text__content\">\n<p class=\"has-large-font-size\"><\/p>\n<\/div><\/div>\n\n\n\n<div class=\"wp-block-media-text alignwide is-stacked-on-mobile\" style=\"grid-template-columns:57% auto\"><figure class=\"wp-block-media-text__media\"><a href=\"https:\/\/ccs.ncl.edu.tw\/\" target=\"_blank\" rel=\"noopener\"><img decoding=\"async\" loading=\"lazy\" width=\"482\" height=\"91\" src=\"https:\/\/eacs.upol.cz\/wp-content\/uploads\/2022\/07\/ccsncl.gif\" alt=\"\" class=\"wp-image-1170 size-full\"\/><\/a><\/figure><div class=\"wp-block-media-text__content\">\n<p class=\"has-large-font-size\"><\/p>\n<\/div><\/div>\n\n\n\n<div class=\"wp-block-media-text alignwide has-media-on-the-right is-stacked-on-mobile\" style=\"grid-template-columns:auto 20%\"><figure class=\"wp-block-media-text__media\"><img decoding=\"async\" loading=\"lazy\" width=\"1024\" height=\"552\" src=\"https:\/\/eacs.upol.cz\/wp-content\/uploads\/2022\/08\/Logo_olomouc.svg_-1024x552.png\" alt=\"\" class=\"wp-image-1309 size-full\" srcset=\"https:\/\/eacs.upol.cz\/wp-content\/uploads\/2022\/08\/Logo_olomouc.svg_-1024x552.png 1024w, https:\/\/eacs.upol.cz\/wp-content\/uploads\/2022\/08\/Logo_olomouc.svg_-300x162.png 300w, https:\/\/eacs.upol.cz\/wp-content\/uploads\/2022\/08\/Logo_olomouc.svg_-768x414.png 768w, https:\/\/eacs.upol.cz\/wp-content\/uploads\/2022\/08\/Logo_olomouc.svg_-600x323.png 600w, https:\/\/eacs.upol.cz\/wp-content\/uploads\/2022\/08\/Logo_olomouc.svg_-111x60.png 111w, https:\/\/eacs.upol.cz\/wp-content\/uploads\/2022\/08\/Logo_olomouc.svg_-167x90.png 167w, https:\/\/eacs.upol.cz\/wp-content\/uploads\/2022\/08\/Logo_olomouc.svg_.png 1280w\" sizes=\"(max-width: 1024px) 100vw, 1024px\" \/><\/figure><div class=\"wp-block-media-text__content\">\n<p class=\"has-large-font-size\"><\/p>\n<\/div><\/div>\n\n\n\n<div style=\"height:100px\" aria-hidden=\"true\" class=\"wp-block-spacer\"><\/div>\n\n\n\n<hr class=\"wp-block-separator is-style-default\"\/>\n\n\n\n<p><\/p>\n\n\n\n<h2 class=\"wp-block-heading\">Exhibitors<\/h2>\n\n\n\n<p class=\"has-black-color has-text-color\"><strong>Location:<\/strong> Palack\u00fd University Olomouc, Faculty of Arts, K\u0159\u00ed\u017ekovsk\u00e9ho 10, room 1.25.<\/p>\n\n\n\n<div class=\"wp-block-group is-layout-flow wp-block-group-is-layout-flow\"><div class=\"wp-block-group__inner-container\">\n<div class=\"wp-block-group is-layout-flow wp-block-group-is-layout-flow\"><div class=\"wp-block-group__inner-container\">\n<ul class=\"has-black-color has-text-color\"><li>Brill Academic Publishers<\/li><li>East View Information Services<\/li><li>Journal of the European Association for Chinese Studies<\/li><li>National Central Library &#8211; Center for Chinese Studies<\/li><li>United Digital Publications (UDP)<\/li><\/ul>\n<\/div><\/div>\n<\/div><\/div>\n","protected":false},"excerpt":{"rendered":"<p>Exhibitors Location: Palack\u00fd University Olomouc, Faculty of Arts, K\u0159\u00ed\u017ekovsk\u00e9ho 10, room 1.25. Brill Academic Publishers East View Information Services Journal of the European Association for Chinese Studies National Central Library &#8211; Center for Chinese Studies United Digital Publications (UDP)<\/p>\n","protected":false},"author":2,"featured_media":0,"parent":0,"menu_order":0,"comment_status":"closed","ping_status":"closed","template":"","meta":{"_bbp_topic_count":0,"_bbp_reply_count":0,"_bbp_total_topic_count":0,"_bbp_total_reply_count":0,"_bbp_voice_count":0,"_bbp_anonymous_reply_count":0,"_bbp_topic_count_hidden":0,"_bbp_reply_count_hidden":0,"_bbp_forum_subforum_count":0,"footnotes":""},"jetpack_sharing_enabled":true,"_links":{"self":[{"href":"https:\/\/eacs.upol.cz\/index.php\/wp-json\/wp\/v2\/pages\/48"}],"collection":[{"href":"https:\/\/eacs.upol.cz\/index.php\/wp-json\/wp\/v2\/pages"}],"about":[{"href":"https:\/\/eacs.upol.cz\/index.php\/wp-json\/wp\/v2\/types\/page"}],"author":[{"embeddable":true,"href":"https:\/\/eacs.upol.cz\/index.php\/wp-json\/wp\/v2\/users\/2"}],"replies":[{"embeddable":true,"href":"https:\/\/eacs.upol.cz\/index.php\/wp-json\/wp\/v2\/comments?post=48"}],"version-history":[{"count":25,"href":"https:\/\/eacs.upol.cz\/index.php\/wp-json\/wp\/v2\/pages\/48\/revisions"}],"predecessor-version":[{"id":1327,"href":"https:\/\/eacs.upol.cz\/index.php\/wp-json\/wp\/v2\/pages\/48\/revisions\/1327"}],"wp:attachment":[{"href":"https:\/\/eacs.upol.cz\/index.php\/wp-json\/wp\/v2\/media?parent=48"}],"curies":[{"name":"wp","href":"https:\/\/api.w.org\/{rel}","templated":true}]}}