{"id":722,"date":"2022-03-30T19:56:58","date_gmt":"2022-03-30T19:56:58","guid":{"rendered":"https:\/\/eacs.upol.cz\/?page_id=722"},"modified":"2022-07-11T11:49:49","modified_gmt":"2022-07-11T11:49:49","slug":"sunday-optional-trip-to-kromeriz","status":"publish","type":"page","link":"https:\/\/eacs.upol.cz\/index.php\/sunday-optional-trip-to-kromeriz\/","title":{"rendered":"Sunday Optional Trip to Krom\u011b\u0159\u00ed\u017e"},"content":{"rendered":"\n<p class=\"text-justify has-text-color\" style=\"color:#5d5e60\">For those willing to stay longer in Olomouc, we will organise an optional trip to the charming Moravian town of Krom\u011b\u0159\u00ed\u017e. The Gardens and Chateau at Krom\u011b\u0159\u00ed\u017e were inscribed on UNESCO\u2019s World Heritage List in 1998. Our bus will depart from Olomouc at 9 am and reach Krom\u011b\u0159\u00ed\u017e approximately at 9:45 am. We will visit the Chateau Garden and the Flower Garden, and we will go for an English tour <em>Via Residentia<\/em>, Representative halls, and the chateau\u2019s tower. You will also get enough time to get lunch at one of the many restaurants around the main square or to discover the town even more by yourself. We expect to reach Olomouc at 4 pm.<\/p>\n\n\n\n<div class=\"wp-block-wpzoom-blocks-social-icons is-style-with-canvas-round\" style=\"--wpz-social-icons-block-item-font-size:20px;--wpz-social-icons-block-item-padding-horizontal:10px;--wpz-social-icons-block-item-padding-vertical:10px;--wpz-social-icons-block-item-margin-horizontal:5px;--wpz-social-icons-block-item-margin-vertical:5px;--wpz-social-icons-block-item-border-radius:50px;--wpz-social-icons-block-label-font-size:20px;--wpz-social-icons-block-label-color:#2e3131;--wpz-social-icons-block-label-color-hover:#2e3131;--wpz-social-icons-alignment:flex-start\"><a href=\"https:\/\/www.zamek-kromeriz.cz\/en\/home\/\" class=\"social-icon-link\" target=\"_blank\" rel=\"noopener noreferrer\" style=\"--wpz-social-icons-block-item-color:#3b5998;--wpz-social-icons-block-item-color-hover:#3b5998\"><span class=\"social-icon dashicons dashicons-admin-site\"><\/span><\/a><\/div>\n\n\n\n<figure class=\"wp-block-embed is-type-video is-provider-youtube wp-block-embed-youtube wp-embed-aspect-16-9 wp-has-aspect-ratio\"><div class=\"wp-block-embed__wrapper\">\n<div class=\"jetpack-video-wrapper\"><iframe loading=\"lazy\" title=\"Unesco - Krom\u011b\u0159\u00ed\u017e\" width=\"640\" height=\"360\" src=\"https:\/\/www.youtube.com\/embed\/fMX7kO0Dcfg?feature=oembed\" frameborder=\"0\" allow=\"accelerometer; autoplay; clipboard-write; encrypted-media; gyroscope; picture-in-picture\" allowfullscreen><\/iframe><\/div>\n<\/div><\/figure>\n","protected":false},"excerpt":{"rendered":"<p>For those willing to stay longer in Olomouc, we will organise an optional trip to the charming Moravian town of Krom\u011b\u0159\u00ed\u017e. The Gardens and Chateau at Krom\u011b\u0159\u00ed\u017e were inscribed on UNESCO\u2019s World Heritage List in 1998. Our bus will depart from Olomouc at 9 am and reach Krom\u011b\u0159\u00ed\u017e approximately at 9:45 am. We will visit<\/p>\n","protected":false},"author":2,"featured_media":0,"parent":0,"menu_order":0,"comment_status":"closed","ping_status":"closed","template":"","meta":{"_bbp_topic_count":0,"_bbp_reply_count":0,"_bbp_total_topic_count":0,"_bbp_total_reply_count":0,"_bbp_voice_count":0,"_bbp_anonymous_reply_count":0,"_bbp_topic_count_hidden":0,"_bbp_reply_count_hidden":0,"_bbp_forum_subforum_count":0,"footnotes":""},"jetpack_sharing_enabled":true,"_links":{"self":[{"href":"https:\/\/eacs.upol.cz\/index.php\/wp-json\/wp\/v2\/pages\/722"}],"collection":[{"href":"https:\/\/eacs.upol.cz\/index.php\/wp-json\/wp\/v2\/pages"}],"about":[{"href":"https:\/\/eacs.upol.cz\/index.php\/wp-json\/wp\/v2\/types\/page"}],"author":[{"embeddable":true,"href":"https:\/\/eacs.upol.cz\/index.php\/wp-json\/wp\/v2\/users\/2"}],"replies":[{"embeddable":true,"href":"https:\/\/eacs.upol.cz\/index.php\/wp-json\/wp\/v2\/comments?post=722"}],"version-history":[{"count":5,"href":"https:\/\/eacs.upol.cz\/index.php\/wp-json\/wp\/v2\/pages\/722\/revisions"}],"predecessor-version":[{"id":1190,"href":"https:\/\/eacs.upol.cz\/index.php\/wp-json\/wp\/v2\/pages\/722\/revisions\/1190"}],"wp:attachment":[{"href":"https:\/\/eacs.upol.cz\/index.php\/wp-json\/wp\/v2\/media?parent=722"}],"curies":[{"name":"wp","href":"https:\/\/api.w.org\/{rel}","templated":true}]}}